{"id":71260,"date":"2016-09-12T07:45:10","date_gmt":"2016-09-12T04:45:10","guid":{"rendered":"http:\/\/itg.net.ua\/about-us-copy\/"},"modified":"2019-09-25T20:54:10","modified_gmt":"2019-09-25T18:54:10","slug":"team","status":"publish","type":"page","link":"https:\/\/itg.net.ua\/fr\/team\/","title":{"rendered":"Equipe"},"content":{"rendered":"<p>[vc_row type=\u00a0\u00bbcontainer\u00a0\u00bb padding_top=\u00a0\u00bb\u00a0\u00bb padding_bottom=\u00a0\u00bb\u00a0\u00bb css=\u00a0\u00bb.vc_custom_1451761032806{padding-top: 50px !important;}\u00a0\u00bb][vc_column css=\u00a0\u00bb.vc_custom_1449147431196{margin-bottom: 35px !important;}\u00a0\u00bb][vc_column_text css=\u00a0\u00bb.vc_custom_1497376973376{padding-right: 0px !important;}\u00a0\u00bb]<\/p>\n<h3 style=\"margin-top: 0px;\">L\u2019\u00e9quipe est l\u2019actif principal de INTECH GROUP<\/h3>\n<p>[\/vc_column_text][\/vc_column][\/vc_row][vc_row type=\u00a0\u00bbcontainer\u00a0\u00bb padding_top=\u00a0\u00bb\u00a0\u00bb padding_bottom=\u00a0\u00bb\u00a0\u00bb css=\u00a0\u00bb.vc_custom_1473656817004{padding-top: 0px !important;}\u00a0\u00bb][vc_column width=\u00a0\u00bb1\/2&Prime; css=\u00a0\u00bb.vc_custom_1449147431196{margin-bottom: 35px !important;}\u00a0\u00bb][vc_column_text]<\/p>\n<div class=\"page\" title=\"Page 6\">\n<div class=\"section\">\n<div class=\"layoutArea\">\n<div class=\"column\">\n<div class=\"page\" title=\"Page 6\">\n<div class=\"section\">\n<div class=\"layoutArea\">\n<div class=\"column\">\n<p style=\"text-align: justify;\">Le personnel de la compagnie comprend pr\u00e8s de 1000 sp\u00e9cialistes dont l\u2019exp\u00e9rience moyenne dans le m\u00e9tier est de 15 ans.<\/p>\n<p style=\"text-align: justify;\">Nous travaillons avec des sp\u00e9cialistes exp\u00e9riment\u00e9s et nous nous occupons de leur d\u00e9veloppement harmonieux et de leur soutien: le perfectionnement professionnel, la s\u00e9curit\u00e9 du travail ainsi que la s\u00e9curit\u00e9 sociale.<\/p>\n<p style=\"text-align: justify;\">La m\u00e9thode syst\u00e9matique de planification et le d\u00e9veloppement de nos sp\u00e9cialistes assurent le travail bien coordonn\u00e9, l\u2019atmosph\u00e8re saine et le transfert de l\u2019exp\u00e9rience des sp\u00e9cialistes exp\u00e9riment\u00e9s aux jeunes cadres.<\/p>\n<p style=\"text-align: justify;\">\u00abINTECH GROUP\u00bb est une compagnie polyfonctionnelle qui se compose de:<\/p>\n<ul style=\"text-align: justify;\">\n<li>Division d\u2019engineering;<\/li>\n<li>Divisions de montage;<\/li>\n<li>Divisions m\u00e9caniques;<\/li>\n<li>Division hydraulique;<\/li>\n<li>Division de tuyauterie;<\/li>\n<li>Divisions r\u00e9fractaires\u00a0;<\/li>\n<li>Unit\u00e9 de charpentes m\u00e9talliques ;<\/li>\n<li>Service de transport;<\/li>\n<li>\u00c9quipe d\u2019alpinistes industriels\u00a0;<\/li>\n<li>Unit\u00e9 de la pr\u00e9paration des mortiers r\u00e9fractaires et de gunitage au flambeau;<\/li>\n<\/ul>\n<p style=\"text-align: justify;\">Le mod\u00e8le souple de formation des \u00e9quipes de projets, le syst\u00e8me certifi\u00e9 du management et de la gestion des risques, un vaste r\u00e9seau de partenaires, notre propre Division d\u2019engineering nous permettent de r\u00e9pondre aux besoins sp\u00e9cifiques de l\u2019industrie m\u00e9tallurgique et des branches similaires.<\/p>\n<p style=\"text-align: justify;\">Le m\u00e9nagement avanc\u00e9, la haute mobilit\u00e9 des \u00e9quipes de sp\u00e9cialistes nous permettent de fournir nos prestations \u00e0 n&rsquo;importe quel pays du monde.<\/p>\n<\/div>\n<\/div>\n<\/div>\n<\/div>\n<\/div>\n<\/div>\n<\/div>\n<\/div>\n<p>[\/vc_column_text][\/vc_column][vc_column width=\u00a0\u00bb1\/2&Prime; css=\u00a0\u00bb.vc_custom_1473656810851{padding-top: 0px !important;}\u00a0\u00bb][vc_images_carousel images=\u00a0\u00bb71305,71306,71307&Prime; img_size=\u00a0\u00bbfull\u00a0\u00bb autoplay=\u00a0\u00bbyes\u00a0\u00bb][\/vc_column][\/vc_row][vc_row type=\u00a0\u00bbfull_page_width_inner_container\u00a0\u00bb css=\u00a0\u00bb.vc_custom_1497003960763{padding-top: 40px !important;padding-bottom: 20px !important;background-image: url(http:\/\/itg.net.ua\/wp-content\/uploads\/2016\/09\/building_roof_bg.jpg?id=71420) !important;background-position: center !important;background-repeat: no-repeat !important;background-size: cover !important;}\u00a0\u00bb][vc_column][vc_column_text]<\/p>\n<h3 style=\"text-align: center;\"><span style=\"color: #ffffff;\">INTECH GROUP est une compagnie multidimensionnelle, dont la structure se compose de\u00a0:<\/span><\/h3>\n<p>[\/vc_column_text][vc_row_inner][vc_column_inner width=\u00a0\u00bb1\/4&Prime;][\/vc_column_inner][vc_column_inner width=\u00a0\u00bb1\/4&Prime;][vc_column_text]<\/p>\n<ul>\n<li><span style=\"color: #ffffff;\">D\u00e9partements d\u2019ing\u00e9nierie de d\u00e9tail<\/span><\/li>\n<li><span style=\"color: #ffffff;\">Chantiers de montage<\/span><\/li>\n<li><span style=\"color: #ffffff;\">Chantiers m\u00e9caniques de serrurier<\/span><\/li>\n<li><span style=\"color: #ffffff;\">Chantiers hydrauliques\u00a0<\/span><\/li>\n<li><span style=\"color: #ffffff;\">Chantiers de tuyauterie\u00a0<\/span><\/li>\n<li><span style=\"color: #ffffff;\">Chantiers r\u00e9fractaires\u00a0<\/span><\/li>\n<\/ul>\n<p>[\/vc_column_text][\/vc_column_inner][vc_column_inner width=\u00a0\u00bb1\/4&Prime;][vc_column_text]<\/p>\n<ul>\n<li><span style=\"color: #ffffff;\">Atelier de construction de charpentes m\u00e9talliques<\/span><\/li>\n<li><span style=\"color: #ffffff;\">Service des transports automobiles\u00a0<\/span><\/li>\n<li><span style=\"color: #ffffff;\">\u00c9quipe des cordistes <\/span><\/li>\n<li><span style=\"color: #ffffff;\">Atelier de la pr\u00e9paration des m\u00e9langes r\u00e9fractaires et de badigeonnage aux flambeaux<\/span><\/li>\n<\/ul>\n<p>[\/vc_column_text][\/vc_column_inner][vc_column_inner width=\u00a0\u00bb1\/4&Prime;][\/vc_column_inner][\/vc_row_inner][\/vc_column][\/vc_row][vc_row full_width=\u00a0\u00bbstretch_row\u00a0\u00bb type=\u00a0\u00bbcontainer\u00a0\u00bb css=\u00a0\u00bb.vc_custom_1473656669606{background-color: #fdc900 !important;}\u00a0\u00bb][vc_column width=\u00a0\u00bb1\/6&Prime;][\/vc_column][vc_column width=\u00a0\u00bb2\/3&Prime;][vc_column_text]<\/p>\n<h3 style=\"text-align: center;\"><span class=\"quote\">\u201cLe m\u00e9nagement contemporain, la haute mobilit\u00e9 des \u00e9quipes des sp\u00e9cialistes nous permettent de fournir les services n&rsquo;importe o\u00f9 dans le monde<\/span><span class=\"quote\">\u201c<\/span><\/h3>\n<p>[\/vc_column_text][\/vc_column][vc_column width=\u00a0\u00bb1\/6&Prime;][\/vc_column][\/vc_row]<\/p>","protected":false},"excerpt":{"rendered":"<p>[vc_row type=\u00a0\u00bbcontainer\u00a0\u00bb padding_top=\u00a0\u00bb\u00a0\u00bb padding_bottom=\u00a0\u00bb\u00a0\u00bb css=\u00a0\u00bb.vc_custom_1451761032806{padding-top: 50px !important;}\u00a0\u00bb][vc_column css=\u00a0\u00bb.vc_custom_1449147431196{margin-bottom: 35px !important;}\u00a0\u00bb][vc_column_text css=\u00a0\u00bb.vc_custom_1497376973376{padding-right: 0px !important;}\u00a0\u00bb] L\u2019\u00e9quipe est l\u2019actif principal de INTECH GROUP [\/vc_column_text][\/vc_column][\/vc_row][vc_row type=\u00a0\u00bbcontainer\u00a0\u00bb padding_top=\u00a0\u00bb\u00a0\u00bb padding_bottom=\u00a0\u00bb\u00a0\u00bb css=\u00a0\u00bb.vc_custom_1473656817004{padding-top: 0px !important;}\u00a0\u00bb][vc_column width=\u00a0\u00bb1\/2&Prime; css=\u00a0\u00bb.vc_custom_1449147431196{margin-bottom: 35px !important;}\u00a0\u00bb][vc_column_text] Le personnel de la compagnie comprend pr\u00e8s de 1000 sp\u00e9cialistes dont l\u2019exp\u00e9rience moyenne dans le m\u00e9tier est de 15 ans. Nous travaillons avec des [&hellip;]<\/p>\n","protected":false},"author":1,"featured_media":71399,"parent":0,"menu_order":0,"comment_status":"closed","ping_status":"closed","template":"page-full-width.php","meta":[],"acf":[],"_links":{"self":[{"href":"https:\/\/itg.net.ua\/fr\/wp-json\/wp\/v2\/pages\/71260"}],"collection":[{"href":"https:\/\/itg.net.ua\/fr\/wp-json\/wp\/v2\/pages"}],"about":[{"href":"https:\/\/itg.net.ua\/fr\/wp-json\/wp\/v2\/types\/page"}],"author":[{"embeddable":true,"href":"https:\/\/itg.net.ua\/fr\/wp-json\/wp\/v2\/users\/1"}],"replies":[{"embeddable":true,"href":"https:\/\/itg.net.ua\/fr\/wp-json\/wp\/v2\/comments?post=71260"}],"version-history":[{"count":35,"href":"https:\/\/itg.net.ua\/fr\/wp-json\/wp\/v2\/pages\/71260\/revisions"}],"predecessor-version":[{"id":71670,"href":"https:\/\/itg.net.ua\/fr\/wp-json\/wp\/v2\/pages\/71260\/revisions\/71670"}],"wp:featuredmedia":[{"embeddable":true,"href":"https:\/\/itg.net.ua\/fr\/wp-json\/wp\/v2\/media\/71399"}],"wp:attachment":[{"href":"https:\/\/itg.net.ua\/fr\/wp-json\/wp\/v2\/media?parent=71260"}],"curies":[{"name":"wp","href":"https:\/\/api.w.org\/{rel}","templated":true}]}}