{"id":71243,"date":"2016-09-12T07:23:12","date_gmt":"2016-09-12T04:23:12","guid":{"rendered":"http:\/\/itg.net.ua\/about-copy\/"},"modified":"2019-09-25T20:50:54","modified_gmt":"2019-09-25T18:50:54","slug":"about-us","status":"publish","type":"page","link":"https:\/\/itg.net.ua\/fr\/about-us\/","title":{"rendered":"Sur Nous"},"content":{"rendered":"<p>[vc_row type=\u00a0\u00bbcontainer\u00a0\u00bb padding_top=\u00a0\u00bb\u00a0\u00bb padding_bottom=\u00a0\u00bb\u00a0\u00bb css=\u00a0\u00bb.vc_custom_1451761032806{padding-top: 50px !important;}\u00a0\u00bb][vc_column width=\u00a0\u00bb1\/2&Prime; css=\u00a0\u00bb.vc_custom_1449147431196{margin-bottom: 35px !important;}\u00a0\u00bb][vc_column_text css=\u00a0\u00bb.vc_custom_1569437450358{padding-right: 10px !important;}\u00a0\u00bb]<\/p>\n<h3 style=\"margin-top: 0px; text-align: justify;\">INTECH GROUP est une des compagnies principales de l\u2019Ukraine dans le domaine de r\u00e9paration des usines dans l\u2019industrie lourde.<\/h3>\n<p style=\"text-align: justify;\"><span style=\"color: #000000;\">INTECH GROUP est une des compagnies pilotes de l\u2019Ukraine dans le domaine de r\u00e9paration des usines dans l\u2019industrie lourde.<\/span><\/p>\n<p style=\"text-align: justify;\"><span style=\"color: #000000;\">Notre compagnie fournit des services dans les domaines de G\u00e9nie industriel, de r\u00e9habilitation g\u00e9n\u00e9rale, de r\u00e9novation de l\u2019\u00e9quipement, r\u00e9parations courantes et op\u00e9rations de maintenance.<\/span><\/p>\n<p><span style=\"color: #000000;\">INTECH GROUP a \u00e9t\u00e9 fond\u00e9e en 2000 et inclut quatre soci\u00e9t\u00e9s\u00a0:<\/span><\/p>\n<ul>\n<li><span style=\"color: #000000;\">INDUSTRIAL TECHNOLOGIES UKRAINE LTD (Ukraine Kryvyi Rih)<\/span><\/li>\n<li><span style=\"color: #000000;\">INDUSTRIAL TECHNOLOGIES DNEPR LTD (Ukraine Kiev)<\/span><\/li>\n<li><span style=\"color: #000000;\">AVER TRADE LTD (Angleterre Londres)<\/span><\/li>\n<li><span style=\"color: #000000;\">AVER TRADE INDUSTRY LP (Ecosse Edimbourg)<\/span><\/li>\n<\/ul>\n<p>&nbsp;<\/p>\n<p style=\"text-align: justify;\"><span style=\"color: #000000;\">Durant 19 ans de travail nous avons acquis une riche d\u2019exp\u00e9rience dans le domaine de la sid\u00e9rurgie y compris\u00a0 dans les domaines de la cokerie, industrie des carburants ainsi que de la cimenterie et de l\u2019industrie mini\u00e8re.<\/span><\/p>\n<p style=\"text-align: justify;\"><span style=\"color: #000000;\">A part les travaux programm\u00e9s nous r\u00e9alisons \u00abcl\u00e9s \u00e0 main\u00bb \u00a0des t\u00e2ches techniques sp\u00e9cifiques selon la demande de nos partenaires.<\/span><\/p>\n<p style=\"text-align: justify;\"><span style=\"color: #000000;\">Nous commen\u00e7ons \u00e0 trouver la solution par l\u2019\u00e9laboration de la conception et de la documentation technique. Avec tout cela nous effectuons la fourniture des \u00e9quipements et des mat\u00e9riaux, leur montage et la mise en service de l\u2019\u00e9quipement.<\/span><\/p>\n<p style=\"text-align: justify;\"><span style=\"color: #000000;\">Nous fournissons les prestations de l\u2019entretien de garantie et apr\u00e8s garantie, le suivi par le concepteur.<\/span><\/p>\n<p style=\"text-align: justify;\"><span style=\"color: #000000;\">Les activit\u00e9s \u00a0principales de notre compagnie sont les prestations des services \u00e0 la demande du Client ce qui nous permet de r\u00e9soudre les probl\u00e8mes sp\u00e9cifiques et compliqu\u00e9s. Nous intervenons imm\u00e9diatement dans le processus \u00e0 n\u2019importe quelle \u00e9tape de la r\u00e9alisation des travaux du projet.<\/span><\/p>\n<p>[\/vc_column_text][\/vc_column][vc_column width=\u00a0\u00bb1\/2&Prime; css=\u00a0\u00bb.vc_custom_1451760818909{padding-top: 14px !important;}\u00a0\u00bb][vc_images_carousel images=\u00a0\u00bb71294,71301,71295&Prime; img_size=\u00a0\u00bbfull\u00a0\u00bb autoplay=\u00a0\u00bbyes\u00a0\u00bb][vc_row_inner css=\u00a0\u00bb.vc_custom_1449574756848{margin-bottom: 0px !important;}\u00a0\u00bb][vc_column_inner width=\u00a0\u00bb1\/2&Prime;][vc_single_image image=\u00a0\u00bb71296&Prime; img_size=\u00a0\u00bbfull\u00a0\u00bb][\/vc_column_inner][vc_column_inner width=\u00a0\u00bb1\/2&Prime; css=\u00a0\u00bb.vc_custom_1449574764907{margin-bottom: 35px !important;}\u00a0\u00bb][vc_single_image image=\u00a0\u00bb71300&Prime; img_size=\u00a0\u00bbfull\u00a0\u00bb][\/vc_column_inner][\/vc_row_inner][\/vc_column][\/vc_row][vc_row type=\u00a0\u00bbfull_page_width_inner_container\u00a0\u00bb padding_top=\u00a0\u00bb\u00a0\u00bb padding_bottom=\u00a0\u00bb\u00a0\u00bb css=\u00a0\u00bb.vc_custom_1451775961000{padding-top: 40px !important;padding-bottom: 20px !important;background-image: url(http:\/\/factory.commercegurus.com\/wp-content\/uploads\/2015\/10\/building_roof_bg.jpg?id=70835) !important;background-position: center !important;background-repeat: no-repeat !important;background-size: cover !important;}\u00a0\u00bb][vc_column css=\u00a0\u00bb.vc_custom_1445098522820{margin-bottom: 35px !important;}\u00a0\u00bb][vc_row_inner css=\u00a0\u00bb.vc_custom_1451761217059{margin-bottom: -5px !important;}\u00a0\u00bb][vc_column_inner css=\u00a0\u00bb.vc_custom_1451761129434{margin-bottom: 0px !important;}\u00a0\u00bb][vc_column_text]<\/p>\n<h3 style=\"text-align: center;\"><span style=\"color: #ffffff;\">Avant tout nous sommes une compagnie de service orient\u00e9e vers le client cela nous permet de r\u00e9soudre les probl\u00e8mes exceptionnels et compliqu\u00e9s lesquels sont d\u00e9termin\u00e9s par nos partenaires<\/span><\/h3>\n<p>[\/vc_column_text][\/vc_column_inner][\/vc_row_inner][\/vc_column][\/vc_row][vc_row type=\u00a0\u00bbfull_page_width_inner_container\u00a0\u00bb padding_top=\u00a0\u00bb\u00a0\u00bb padding_bottom=\u00a0\u00bb\u00a0\u00bb css=\u00a0\u00bb.vc_custom_1451760849278{margin-bottom: 0px !important;padding-top: 20px !important;padding-bottom: 20px !important;background-color: #fdc900 !important;}\u00a0\u00bb][vc_column width=\u00a0\u00bb1\/6&Prime;][\/vc_column][vc_column width=\u00a0\u00bb2\/3&Prime;][vc_column_text]<\/p>\n<h3 style=\"text-align: center;\"><span class=\"quote\">\u201cNous nous impliquons rapidement dans le processus sur n\u2019importe quelle \u00e9tape de la r\u00e9alisation des travaux du projet<\/span><span class=\"quote\">\u201d<\/span><\/h3>\n<p>[\/vc_column_text][\/vc_column][vc_column width=\u00a0\u00bb1\/6&Prime;][\/vc_column][\/vc_row]<\/p>","protected":false},"excerpt":{"rendered":"<p>[vc_row type=\u00a0\u00bbcontainer\u00a0\u00bb padding_top=\u00a0\u00bb\u00a0\u00bb padding_bottom=\u00a0\u00bb\u00a0\u00bb css=\u00a0\u00bb.vc_custom_1451761032806{padding-top: 50px !important;}\u00a0\u00bb][vc_column width=\u00a0\u00bb1\/2&Prime; css=\u00a0\u00bb.vc_custom_1449147431196{margin-bottom: 35px !important;}\u00a0\u00bb][vc_column_text css=\u00a0\u00bb.vc_custom_1569437450358{padding-right: 10px !important;}\u00a0\u00bb] INTECH GROUP est une des compagnies principales de l\u2019Ukraine dans le domaine de r\u00e9paration des usines dans l\u2019industrie lourde. INTECH GROUP est une des compagnies pilotes de l\u2019Ukraine dans le domaine de r\u00e9paration des usines dans l\u2019industrie lourde. Notre compagnie fournit [&hellip;]<\/p>\n","protected":false},"author":1,"featured_media":71398,"parent":0,"menu_order":0,"comment_status":"closed","ping_status":"closed","template":"page-full-width.php","meta":[],"acf":[],"_links":{"self":[{"href":"https:\/\/itg.net.ua\/fr\/wp-json\/wp\/v2\/pages\/71243"}],"collection":[{"href":"https:\/\/itg.net.ua\/fr\/wp-json\/wp\/v2\/pages"}],"about":[{"href":"https:\/\/itg.net.ua\/fr\/wp-json\/wp\/v2\/types\/page"}],"author":[{"embeddable":true,"href":"https:\/\/itg.net.ua\/fr\/wp-json\/wp\/v2\/users\/1"}],"replies":[{"embeddable":true,"href":"https:\/\/itg.net.ua\/fr\/wp-json\/wp\/v2\/comments?post=71243"}],"version-history":[{"count":37,"href":"https:\/\/itg.net.ua\/fr\/wp-json\/wp\/v2\/pages\/71243\/revisions"}],"predecessor-version":[{"id":71669,"href":"https:\/\/itg.net.ua\/fr\/wp-json\/wp\/v2\/pages\/71243\/revisions\/71669"}],"wp:featuredmedia":[{"embeddable":true,"href":"https:\/\/itg.net.ua\/fr\/wp-json\/wp\/v2\/media\/71398"}],"wp:attachment":[{"href":"https:\/\/itg.net.ua\/fr\/wp-json\/wp\/v2\/media?parent=71243"}],"curies":[{"name":"wp","href":"https:\/\/api.w.org\/{rel}","templated":true}]}}