{"id":70741,"date":"2015-11-25T12:11:24","date_gmt":"2015-11-25T12:11:24","guid":{"rendered":"http:\/\/factory.commercegurus.com\/?page_id=70741"},"modified":"2019-10-10T15:51:27","modified_gmt":"2019-10-10T13:51:27","slug":"get-a-quote","status":"publish","type":"page","link":"https:\/\/itg.net.ua\/fr\/get-a-quote\/","title":{"rendered":"Get a quote"},"content":{"rendered":"<p>[vc_row type=\u00a0\u00bbcontainer\u00a0\u00bb padding_top=\u00a0\u00bb\u00a0\u00bb padding_bottom=\u00a0\u00bb\u00a0\u00bb css=\u00a0\u00bb.vc_custom_1451759148890{margin-top: 30px !important;margin-bottom: 60px !important;}\u00a0\u00bb][vc_column width=\u00a0\u00bb2\/3&Prime;][vc_column_text]<\/p>\n<h3>Il\u00a0suffit\u00a0de\u00a0remplir\u00a0ce\u00a0formulaire<\/h3>\n<p>[\/vc_column_text]<div role=\"form\" class=\"wpcf7\" id=\"wpcf7-f70744-o3\" lang=\"en-US\" dir=\"ltr\">\n<div class=\"screen-reader-response\"><p role=\"status\" aria-live=\"polite\" aria-atomic=\"true\"><\/p> <ul><\/ul><\/div>\n<form action=\"\/fr\/wp-json\/wp\/v2\/pages\/70741#wpcf7-f70744-o3\" method=\"post\" class=\"wpcf7-form init\" novalidate=\"novalidate\" data-status=\"init\">\n<div style=\"display: none;\">\n<input type=\"hidden\" name=\"_wpcf7\" value=\"70744\" \/>\n<input type=\"hidden\" name=\"_wpcf7_version\" value=\"5.6.1\" \/>\n<input type=\"hidden\" name=\"_wpcf7_locale\" value=\"en_US\" \/>\n<input type=\"hidden\" name=\"_wpcf7_unit_tag\" value=\"wpcf7-f70744-o3\" \/>\n<input type=\"hidden\" name=\"_wpcf7_container_post\" value=\"0\" \/>\n<input type=\"hidden\" name=\"_wpcf7_posted_data_hash\" value=\"\" \/>\n<\/div>\n<div class=\"row\">\n<div class=\"col-lg-6 col-md-6\">\n<p>Votre Nom, pr\u00e9nom (obligatoire*)<br \/>\n    <span class=\"wpcf7-form-control-wrap\" data-name=\"your-name\"><input type=\"text\" name=\"your-name\" value=\"\" size=\"40\" class=\"wpcf7-form-control wpcf7-text wpcf7-validates-as-required\" aria-required=\"true\" aria-invalid=\"false\" \/><\/span> <\/p>\n<p>E-mail ( oblogatoire*)<br \/>\n    <span class=\"wpcf7-form-control-wrap\" data-name=\"your-email\"><input type=\"email\" name=\"your-email\" value=\"\" size=\"40\" class=\"wpcf7-form-control wpcf7-text wpcf7-email wpcf7-validates-as-required wpcf7-validates-as-email\" aria-required=\"true\" aria-invalid=\"false\" \/><\/span> <\/p>\n<p>Num\u00e9ro de t\u00e9l\u00e9phone<br \/>\n<span class=\"wpcf7-form-control-wrap\" data-name=\"your-phone\"><input type=\"tel\" name=\"your-phone\" value=\"\" size=\"40\" class=\"wpcf7-form-control wpcf7-text wpcf7-tel wpcf7-validates-as-tel\" aria-invalid=\"false\" \/><\/span><\/p>\n<p>Nom de soci\u00e9t\u00e9<br \/>\n    <span class=\"wpcf7-form-control-wrap\" data-name=\"company-name\"><input type=\"text\" name=\"company-name\" value=\"\" size=\"40\" class=\"wpcf7-form-control wpcf7-text\" aria-invalid=\"false\" \/><\/span> <\/p>\n<\/div>\n<div class=\"col-lg-6 col-md-6\">\n<p>Projet<br \/>\n    <span class=\"wpcf7-form-control-wrap\" data-name=\"project-title\"><input type=\"text\" name=\"project-title\" value=\"\" size=\"40\" class=\"wpcf7-form-control wpcf7-text\" aria-invalid=\"false\" \/><\/span> <\/p>\n<p>votre demande<br \/>\n    <span class=\"wpcf7-form-control-wrap\" data-name=\"your-requirements\"><textarea name=\"your-requirements\" cols=\"40\" rows=\"10\" class=\"wpcf7-form-control wpcf7-textarea\" aria-invalid=\"false\"><\/textarea><\/span> <\/p>\n<\/div>\n<\/div>\n<p><input type=\"submit\" value=\"Envoyer\" class=\"wpcf7-form-control has-spinner wpcf7-submit\" \/><\/p>\n<div class=\"wpcf7-response-output\" aria-hidden=\"true\"><\/div><\/form><\/div>[\/vc_column][vc_column width=\u00a0\u00bb1\/3&Prime; el_class=\u00a0\u00bb.pl-40&Prime;][vc_column_text]<\/p>\n<h3>Avant\u00a0le\u00a0d\u00e9but\u00a0du\u00a0projet<\/h3>\n<p>[\/vc_column_text][vc_separator color=\u00a0\u00bb#e2e2e2&Prime; type=\u00a0\u00bbnormal\u00a0\u00bb thickness=\u00a0\u00bb1&Prime; up=\u00a0\u00bb\u00a0\u00bb down=\u00a0\u00bb18&Prime;][vc_column_text css_animation=\u00a0\u00bbbottom-to-top\u00a0\u00bb css=\u00a0\u00bb.vc_custom_1570701588780{margin-bottom: 20px !important;}\u00a0\u00bb]<\/p>\n<p class=\"with-icon\" style=\"text-align: justify;\"><i class=\"ion-ios-telephone-outline\"><\/i>Appel t\u00e9l\u00e9phonique de l\u2019un de nos sp\u00e9cialistes \u2013 consultants<\/p>\n<p>[\/vc_column_text][vc_separator color=\u00a0\u00bb#e2e2e2&Prime; type=\u00a0\u00bbnormal\u00a0\u00bb thickness=\u00a0\u00bb1&Prime; up=\u00a0\u00bb\u00a0\u00bb down=\u00a0\u00bb18&Prime;][vc_column_text css_animation=\u00a0\u00bbbottom-to-top\u00a0\u00bb css=\u00a0\u00bb.vc_custom_1570701594525{margin-bottom: 20px !important;}\u00a0\u00bb]<\/p>\n<p class=\"with-icon\" style=\"text-align: justify;\"><i class=\"ion-ios-calculator-outline\"><\/i>Estimation du prix de votre projet en fonction de votre avis<\/p>\n<p>[\/vc_column_text][vc_separator color=\u00a0\u00bb#e2e2e2&Prime; type=\u00a0\u00bbnormal\u00a0\u00bb thickness=\u00a0\u00bb1&Prime; up=\u00a0\u00bb\u00a0\u00bb down=\u00a0\u00bb18&Prime;][vc_column_text css_animation=\u00a0\u00bbbottom-to-top\u00a0\u00bb css=\u00a0\u00bb.vc_custom_1570701600834{margin-bottom: 20px !important;}\u00a0\u00bb]<\/p>\n<p class=\"with-icon\" style=\"text-align: justify;\"><i class=\"ion-ios-person-outline\"><\/i>Entretien personel pour la discution de petits d\u00e9tails si n\u00e9cessaire<\/p>\n<p>[\/vc_column_text][vc_separator color=\u00a0\u00bb#e2e2e2&Prime; type=\u00a0\u00bbnormal\u00a0\u00bb thickness=\u00a0\u00bb1&Prime; up=\u00a0\u00bb\u00a0\u00bb down=\u00a0\u00bb18&Prime;][vc_column_text css_animation=\u00a0\u00bbbottom-to-top\u00a0\u00bb css=\u00a0\u00bb.vc_custom_1570701609122{margin-bottom: 20px !important;}\u00a0\u00bb]<\/p>\n<p class=\"with-icon\" style=\"text-align: justify;\"><i class=\"ion-ios-locked-outline\"><\/i>Confidentialit\u00e9 garantie \u00e0 100%, vos donn\u00e9es sont en s\u00e9curit\u00e9 et elles sont prot\u00e9g\u00e9es<\/p>\n<p>[\/vc_column_text][\/vc_column][\/vc_row]<\/p>","protected":false},"excerpt":{"rendered":"<p>[vc_row type=\u00a0\u00bbcontainer\u00a0\u00bb padding_top=\u00a0\u00bb\u00a0\u00bb padding_bottom=\u00a0\u00bb\u00a0\u00bb css=\u00a0\u00bb.vc_custom_1451759148890{margin-top: 30px !important;margin-bottom: 60px !important;}\u00a0\u00bb][vc_column width=\u00a0\u00bb2\/3&Prime;][vc_column_text] Il\u00a0suffit\u00a0de\u00a0remplir\u00a0ce\u00a0formulaire [\/vc_column_text][\/vc_column][vc_column width=\u00a0\u00bb1\/3&Prime; el_class=\u00a0\u00bb.pl-40&Prime;][vc_column_text] Avant\u00a0le\u00a0d\u00e9but\u00a0du\u00a0projet [\/vc_column_text][vc_separator color=\u00a0\u00bb#e2e2e2&Prime; type=\u00a0\u00bbnormal\u00a0\u00bb thickness=\u00a0\u00bb1&Prime; up=\u00a0\u00bb\u00a0\u00bb down=\u00a0\u00bb18&Prime;][vc_column_text css_animation=\u00a0\u00bbbottom-to-top\u00a0\u00bb css=\u00a0\u00bb.vc_custom_1570701588780{margin-bottom: 20px !important;}\u00a0\u00bb] Appel t\u00e9l\u00e9phonique de l\u2019un de nos sp\u00e9cialistes \u2013 consultants [\/vc_column_text][vc_separator color=\u00a0\u00bb#e2e2e2&Prime; type=\u00a0\u00bbnormal\u00a0\u00bb thickness=\u00a0\u00bb1&Prime; up=\u00a0\u00bb\u00a0\u00bb down=\u00a0\u00bb18&Prime;][vc_column_text css_animation=\u00a0\u00bbbottom-to-top\u00a0\u00bb css=\u00a0\u00bb.vc_custom_1570701594525{margin-bottom: 20px !important;}\u00a0\u00bb] Estimation du prix de votre projet en fonction de votre avis [&hellip;]<\/p>\n","protected":false},"author":1,"featured_media":71397,"parent":0,"menu_order":0,"comment_status":"closed","ping_status":"closed","template":"page-full-width.php","meta":[],"acf":[],"_links":{"self":[{"href":"https:\/\/itg.net.ua\/fr\/wp-json\/wp\/v2\/pages\/70741"}],"collection":[{"href":"https:\/\/itg.net.ua\/fr\/wp-json\/wp\/v2\/pages"}],"about":[{"href":"https:\/\/itg.net.ua\/fr\/wp-json\/wp\/v2\/types\/page"}],"author":[{"embeddable":true,"href":"https:\/\/itg.net.ua\/fr\/wp-json\/wp\/v2\/users\/1"}],"replies":[{"embeddable":true,"href":"https:\/\/itg.net.ua\/fr\/wp-json\/wp\/v2\/comments?post=70741"}],"version-history":[{"count":10,"href":"https:\/\/itg.net.ua\/fr\/wp-json\/wp\/v2\/pages\/70741\/revisions"}],"predecessor-version":[{"id":71707,"href":"https:\/\/itg.net.ua\/fr\/wp-json\/wp\/v2\/pages\/70741\/revisions\/71707"}],"wp:featuredmedia":[{"embeddable":true,"href":"https:\/\/itg.net.ua\/fr\/wp-json\/wp\/v2\/media\/71397"}],"wp:attachment":[{"href":"https:\/\/itg.net.ua\/fr\/wp-json\/wp\/v2\/media?parent=70741"}],"curies":[{"name":"wp","href":"https:\/\/api.w.org\/{rel}","templated":true}]}}