{"id":147,"date":"2015-10-09T17:51:30","date_gmt":"2015-10-09T17:51:30","guid":{"rendered":"http:\/\/broker.commercegurus.com\/?page_id=147"},"modified":"2019-09-25T21:04:05","modified_gmt":"2019-09-25T19:04:05","slug":"services","status":"publish","type":"page","link":"https:\/\/itg.net.ua\/fr\/services\/","title":{"rendered":"Services"},"content":{"rendered":"<p>[vc_row type=\u00a0\u00bbcontainer\u00a0\u00bb padding_top=\u00a0\u00bb\u00a0\u00bb padding_bottom=\u00a0\u00bb\u00a0\u00bb][vc_column][vc_column_text]<\/p>\n<h3>INTECH GROUP rend services dans les domaines suivants:<\/h3>\n<p>[\/vc_column_text][\/vc_column][\/vc_row][vc_row type=\u00a0\u00bbcontainer\u00a0\u00bb padding_top=\u00a0\u00bb\u00a0\u00bb padding_bottom=\u00a0\u00bb\u00a0\u00bb css=\u00a0\u00bb.vc_custom_1449063285344{margin-bottom: 50px !important;}\u00a0\u00bb][vc_column][vc_tta_tabs style=\u00a0\u00bbflat\u00a0\u00bb active_section=\u00a0\u00bb1&Prime;][vc_tta_section title=\u00a0\u00bbLes \u00e9quipements sid\u00e9rurgiques et de cokerie:\u00a0\u00bb tab_id=\u00a0\u00bb1444300654474-2bfb86dc-fd3a\u00a0\u00bb][vc_column_text]L\u2019\u00e9quipement pour la sid\u00e9rurgie et pour l\u2019industrie chimique \u00e0 coke:<\/p>\n<ul>\n<li>Machines \u00e0 agglom\u00e9rer,<\/li>\n<li>Hauts fourneaux,<\/li>\n<li>Convertisseurs,<\/li>\n<li>Machines \u00e0 coul\u00e9e continue,<\/li>\n<li>Laminoirs<\/li>\n<li>Machines \u00e0 granulat,<\/li>\n<li>Mat\u00e9riel roulant sp\u00e9cialis\u00e9<\/li>\n<li>Fours \u00e0 coke,<\/li>\n<li>Gazom\u00e8tres,<\/li>\n<li>Fours de fusion des minerais, fours \u00e0 chaux rotatif et fours \u00e0 r\u00e9chauffer.<\/li>\n<\/ul>\n<p>[\/vc_column_text][\/vc_tta_section][vc_tta_section title=\u00a0\u00bbLes \u00e9quipements industriels g\u00e9n\u00e9raux :\u00a0\u00bb tab_id=\u00a0\u00bb1444300654691-e081e086-5ad3&Prime;][vc_column_text]<\/p>\n<ul>\n<li style=\"text-align: justify;\">\u00c9quipements de manutention (ponts roulants, portiques, grues \u00e0 console, grues portiques, \u00e9l\u00e9vateur-chargeurs \u00e0 griffes, poutres roulantes),<\/li>\n<li style=\"text-align: justify;\">\u00c9quipements de concassage, broyage et criblage (concasseur \u00e0 c\u00f4ne, broyeurs \u00e0 marteaux et \u00e0 cylindres, broyeurs \u00e0 boulets et \u00e0 barres, machines \u00e0 cribler),<\/li>\n<li style=\"text-align: justify;\">\u00c9quipements de pompage et compression (compresseurs \u00e0 piston et rotatifs, turbines \u00e0 air, pompes centrifuges et \u00e0 pistons),<\/li>\n<li style=\"text-align: justify;\">\u00c9quipements de ventilation (r\u00e9seaux de ventilation, aspirateurs de fum\u00e9e, ventilateurs, surpresseurs, ventilateurs de soufflage),<\/li>\n<li style=\"text-align: justify;\">Tuyauteries (eau, vapeur, air, gaz, huiles, \u00e9gouts, vanneries),<\/li>\n<li style=\"text-align: justify;\">Convoyeurs (\u00e0 rouleaux, \u00e0 cha\u00eenes \u00e0 raclettes, transbordeurs)<\/li>\n<li style=\"text-align: justify;\">Syst\u00e8mes hydrauliques, de lubrification et graissage,<\/li>\n<li style=\"text-align: justify;\">Charpentes m\u00e9talliques de toute complexit\u00e9.<\/li>\n<\/ul>\n<p>[\/vc_column_text][\/vc_tta_section][\/vc_tta_tabs][\/vc_column][\/vc_row][vc_row type=\u00a0\u00bbcontainer\u00a0\u00bb css=\u00a0\u00bb.vc_custom_1497008174212{border-radius: 5px !important;}\u00a0\u00bb][vc_column][vc_text_separator title=\u00a0\u00bbGr\u00e2ce \u00e0 nos multi comp\u00e9tences et notre grande exp\u00e9rience dans le domaine nous garantissons l\u2019efficacit\u00e9, la fiabilit\u00e9 et la qualit\u00e9 des travaux. Gr\u00e2ce \u00e0 la compr\u00e9hension fondamentale des travaux de l\u2019engineering nous pouvons r\u00e9aliser des objectifs non seulement \u00e0 l\u2019int\u00e9rieur de la branche mais aussi \u00e0 l\u2019ext\u00e9rieur tout en restant un partenaire fiable et fid\u00e8le.\u00a0\u00bb][\/vc_column][\/vc_row][vc_row type=\u00a0\u00bbcontainer\u00a0\u00bb][vc_column][vc_cta h2=\u00a0\u00bb\u00a0\u00bb shape=\u00a0\u00bbsquare\u00a0\u00bb style=\u00a0\u00bbflat\u00a0\u00bb color=\u00a0\u00bbwhite\u00a0\u00bb css=\u00a0\u00bb.vc_custom_1497019534867{border-top-width: 2px !important;border-right-width: 2px !important;border-bottom-width: 2px !important;border-left-width: 2px !important;padding-top: 10px !important;border-left-color: #fdc900 !important;border-left-style: solid !important;border-right-color: #fdc900 !important;border-right-style: solid !important;border-top-color: #fdc900 !important;border-top-style: solid !important;border-bottom-color: #fdc900 !important;border-bottom-style: solid !important;}\u00a0\u00bb]<\/p>\n<h3><span style=\"color: #808080;\">High quality solutions for your enterprise. <span style=\"color: #fdc900;\"><a style=\"color: #fdc900;\" href=\"http:\/\/itg.net.ua\/get-a-quote\/\">Get a quote\u00a0\u2192<\/a><\/span><\/span><\/h3>\n<p>[\/vc_cta][\/vc_column][\/vc_row]<\/p>","protected":false},"excerpt":{"rendered":"<p>[vc_row type=\u00a0\u00bbcontainer\u00a0\u00bb padding_top=\u00a0\u00bb\u00a0\u00bb padding_bottom=\u00a0\u00bb\u00a0\u00bb][vc_column][vc_column_text] INTECH GROUP rend services dans les domaines suivants: [\/vc_column_text][\/vc_column][\/vc_row][vc_row type=\u00a0\u00bbcontainer\u00a0\u00bb padding_top=\u00a0\u00bb\u00a0\u00bb padding_bottom=\u00a0\u00bb\u00a0\u00bb css=\u00a0\u00bb.vc_custom_1449063285344{margin-bottom: 50px !important;}\u00a0\u00bb][vc_column][vc_tta_tabs style=\u00a0\u00bbflat\u00a0\u00bb active_section=\u00a0\u00bb1&Prime;][vc_tta_section title=\u00a0\u00bbLes \u00e9quipements sid\u00e9rurgiques et de cokerie:\u00a0\u00bb tab_id=\u00a0\u00bb1444300654474-2bfb86dc-fd3a\u00a0\u00bb][vc_column_text]L\u2019\u00e9quipement pour la sid\u00e9rurgie et pour l\u2019industrie chimique \u00e0 coke: Machines \u00e0 agglom\u00e9rer, Hauts fourneaux, Convertisseurs, Machines \u00e0 coul\u00e9e continue, Laminoirs Machines \u00e0 granulat, Mat\u00e9riel roulant sp\u00e9cialis\u00e9 Fours [&hellip;]<\/p>\n","protected":false},"author":1,"featured_media":71395,"parent":0,"menu_order":1,"comment_status":"closed","ping_status":"closed","template":"page-right-sidebar.php","meta":[],"acf":[],"_links":{"self":[{"href":"https:\/\/itg.net.ua\/fr\/wp-json\/wp\/v2\/pages\/147"}],"collection":[{"href":"https:\/\/itg.net.ua\/fr\/wp-json\/wp\/v2\/pages"}],"about":[{"href":"https:\/\/itg.net.ua\/fr\/wp-json\/wp\/v2\/types\/page"}],"author":[{"embeddable":true,"href":"https:\/\/itg.net.ua\/fr\/wp-json\/wp\/v2\/users\/1"}],"replies":[{"embeddable":true,"href":"https:\/\/itg.net.ua\/fr\/wp-json\/wp\/v2\/comments?post=147"}],"version-history":[{"count":50,"href":"https:\/\/itg.net.ua\/fr\/wp-json\/wp\/v2\/pages\/147\/revisions"}],"predecessor-version":[{"id":71672,"href":"https:\/\/itg.net.ua\/fr\/wp-json\/wp\/v2\/pages\/147\/revisions\/71672"}],"wp:featuredmedia":[{"embeddable":true,"href":"https:\/\/itg.net.ua\/fr\/wp-json\/wp\/v2\/media\/71395"}],"wp:attachment":[{"href":"https:\/\/itg.net.ua\/fr\/wp-json\/wp\/v2\/media?parent=147"}],"curies":[{"name":"wp","href":"https:\/\/api.w.org\/{rel}","templated":true}]}}